{"id":1023,"date":"2023-11-17T10:04:18","date_gmt":"2023-11-17T10:04:18","guid":{"rendered":"https:\/\/www.marjoriihimaki.com\/?page_id=1023"},"modified":"2025-12-17T13:44:11","modified_gmt":"2025-12-17T13:44:11","slug":"repertoire-examples","status":"publish","type":"page","link":"https:\/\/www.marjoriihimaki.com\/index.php\/en\/repertoire-examples\/","title":{"rendered":"Repertoire examples"},"content":{"rendered":"\t\t<div data-elementor-type=\"wp-page\" data-elementor-id=\"1023\" class=\"elementor elementor-1023\" data-elementor-settings=\"{&quot;ha_cmc_init_switcher&quot;:&quot;no&quot;}\">\n\t\t\t\t\t\t<section class=\"elementor-section elementor-top-section elementor-element elementor-element-078111d elementor-section-boxed elementor-section-height-default elementor-section-height-default\" data-id=\"078111d\" data-element_type=\"section\" data-e-type=\"section\" data-settings=\"{&quot;background_background&quot;:&quot;classic&quot;,&quot;_ha_eqh_enable&quot;:false}\">\n\t\t\t\t\t\t<div class=\"elementor-container elementor-column-gap-default\">\n\t\t\t\t\t<div class=\"elementor-column elementor-col-100 elementor-top-column elementor-element elementor-element-40c896c\" data-id=\"40c896c\" data-element_type=\"column\" data-e-type=\"column\">\n\t\t\t<div class=\"elementor-widget-wrap elementor-element-populated\">\n\t\t\t\t\t\t<div class=\"elementor-element elementor-element-8ef8e99 elementor-widget elementor-widget-heading\" data-id=\"8ef8e99\" data-element_type=\"widget\" data-e-type=\"widget\" data-widget_type=\"heading.default\">\n\t\t\t\t<div class=\"elementor-widget-container\">\n\t\t\t\t\t<h2 class=\"elementor-heading-title elementor-size-default\">Repertoire examples<\/h2>\t\t\t\t<\/div>\n\t\t\t\t<\/div>\n\t\t\t\t\t<\/div>\n\t\t<\/div>\n\t\t\t\t\t<\/div>\n\t\t<\/section>\n\t\t\t\t<section class=\"elementor-section elementor-top-section elementor-element elementor-element-a3fa0cd elementor-section-boxed elementor-section-height-default elementor-section-height-default\" data-id=\"a3fa0cd\" data-element_type=\"section\" data-e-type=\"section\" data-settings=\"{&quot;_ha_eqh_enable&quot;:false}\">\n\t\t\t\t\t\t<div class=\"elementor-container elementor-column-gap-default\">\n\t\t\t\t\t<div class=\"elementor-column elementor-col-100 elementor-top-column elementor-element elementor-element-1ffa02f\" data-id=\"1ffa02f\" data-element_type=\"column\" data-e-type=\"column\">\n\t\t\t<div class=\"elementor-widget-wrap elementor-element-populated\">\n\t\t\t\t\t\t<div class=\"elementor-element elementor-element-61aaa5b elementor-widget elementor-widget-text-editor\" data-id=\"61aaa5b\" data-element_type=\"widget\" data-e-type=\"widget\" data-widget_type=\"text-editor.default\">\n\t\t\t\t<div class=\"elementor-widget-container\">\n\t\t\t\t\t\t\t\t\t<p><strong>This is the collection of examples of the concert ideas generated, conducted and hosted by Marjo Riihim\u00e4ki.<\/strong><\/p><p><strong>\u00a0<\/strong><\/p><p id=\"tw-target-text\" dir=\"ltr\" data-placeholder=\"K\u00e4\u00e4nn\u00f6s\" data-ved=\"2ahUKEwiVj8zv5dmLAxVoCBAIHZRTA34Q3ewLegQIBxAU\"><strong><span lang=\"en\">PEDAGOGICAL PROJECTS <\/span><\/strong><\/p><p dir=\"ltr\" data-placeholder=\"K\u00e4\u00e4nn\u00f6s\" data-ved=\"2ahUKEwiVj8zv5dmLAxVoCBAIHZRTA34Q3ewLegQIBxAU\"><span lang=\"en\">Marjo has solid experience in pedagogical work as a teacher, conductor and choir director. Co-operation during orchestra periods, for example with young soloists, students or local choirs, takes place in a supportive atmosphere, taking into account musicians working at different levels.<\/span><\/p><p dir=\"ltr\" data-placeholder=\"K\u00e4\u00e4nn\u00f6s\" data-ved=\"2ahUKEwiVj8zv5dmLAxVoCBAIHZRTA34Q3ewLegQIBxAU\"><span lang=\"en\">\u00a0<\/span><\/p><p><strong>CROSSOVER-CONCERTS<\/strong><\/p><p>Marjo loves to combine different styles and ensembles. She has experience for example combining choir and percussion ensemble, an acappella choir and big band, and jazz ensemble and symphony orchestra.<\/p><p>\u00a0<\/p><p id=\"tw-target-text\" class=\"tw-data-text tw-text-large tw-ta\" dir=\"ltr\" data-placeholder=\"K\u00e4\u00e4nn\u00f6s\" data-ved=\"2ahUKEwiVj8zv5dmLAxVoCBAIHZRTA34Q3ewLegQIBxAU\"><span class=\"Y2IQFc\" lang=\"en\"><strong>SYMPHONIC MODERN MUSIC <\/strong><\/span><\/p><p class=\"tw-data-text tw-text-large tw-ta\" dir=\"ltr\" data-placeholder=\"K\u00e4\u00e4nn\u00f6s\" data-ved=\"2ahUKEwiVj8zv5dmLAxVoCBAIHZRTA34Q3ewLegQIBxAU\"><span class=\"Y2IQFc\" lang=\"en\">Conducting modern symphonic music is an important part of wind musician&#8217;s basic repertoire. Marjo has conducted works by composers such as <\/span>Kalevi Aho, Atso Almila, Leonard Bernstein, Timo Forsstr\u00f6m, David R. Gillingham, George Gershwin, Ilari Hylkil\u00e4, Chang-Su Koh, Jukka-Pekka Lehto, Jukka Linkola, Pasi Lyytik\u00e4inen, Juha Pisto, Aulis Sallinen and Lotta Wenn\u00e4koski.<\/p><p>She has also conducted world premieres of Rolf Gustavson&#8217;s Airborne in 2021 and Lauri Porra&#8217;s Tuba Concerto in 2023.<\/p><p>\u00a0<\/p><p><strong>CONCERTS FOR FIRST-TIMERS<\/strong><\/p><p>Concerts are suitable for schools aswell.<strong><br \/><\/strong><\/p><p><strong>Movie Quiz<\/strong><\/p><p>An interactive concert including questionnaire for the audience. The orchestra plays variety of great melodies \u2013 both symphonic music that has been used in movies and music that has been composed for movies.<\/p><p><strong>The Favorites of Coach Potatoes<\/strong><\/p><p>Do you remember when there was no streaming services, and you had to watch the trailer and listen the theme music of the show? Now you have the opportunity to travel back in time! This concert offers you themes of your favorite shows: Matlock, Dallas, Stargate and the Simpsons\u00a0 &#8211; among many others.<\/p><p><strong>The Victims of the Commercials<\/strong><\/p><p>During the twentieth century television became one of the most important advertisement channel. The companies came up with new ideas to get their products popular by using live picture and music combined. Music was often \u201dstolen\u201d from famous classical composers &#8211; and this concert reveals the pieces and their beauty.<\/p><p><strong>Olympic Atmospheres<br \/><\/strong><\/p><p>Remember the best hymns and fanfares ever played in Olympic Games? This concert invites you to enjoy great music by famous composers, not to forget the touching ballads performed during the olympic opening seremonies.<\/p><p>\u00a0<\/p><p><strong>JAZZ AND ENTERTAINING CONCERTS<\/strong><\/p><p>Concert program can be put together as an instrumental or add a soloist. Marjo has collaborated lately for example with jazztrumpetist Tero Lindberg, soprano Angelika Klas, queen of musicals Saara Aalto, jazz singer Elena Mindru and soulsister Juliaana Vehvil\u00e4inen.<\/p><p><strong>\u00a0<\/strong><\/p><p><strong>CHILDREN\u2019S CONCERTS<\/strong><\/p><p><strong>Animalistic<\/strong><\/p><p id=\"tw-target-text\" class=\"tw-data-text tw-text-large tw-ta\" dir=\"ltr\" data-placeholder=\"K\u00e4\u00e4nn\u00f6s\" aria-label=\"K\u00e4\u00e4nnetty teksti: sis\u00e4\u00e4n\" data-ved=\"2ahUKEwjk8ful596LAxVlFBAIHT-AAQkQ3ewLegQIChAU\"><span class=\"Y2IQFc\" lang=\"en\">The &#8221;Animalistic&#8221; concert includes delightful children&#8217;s songs composed by Sarianna Tammilehto.<\/span><\/p><p><strong>Wild Symphony<\/strong><\/p><p>Story and music by Dan Brown combines poems of different animals and charming music.<\/p><p><strong>Pink Panther<\/strong><\/p><p>Concert including themes of children\u2019s tv shows and game music.<\/p>\t\t\t\t\t\t\t\t<\/div>\n\t\t\t\t<\/div>\n\t\t\t\t<div class=\"elementor-element elementor-element-ed7d21e elementor-widget elementor-widget-button\" data-id=\"ed7d21e\" data-element_type=\"widget\" data-e-type=\"widget\" data-widget_type=\"button.default\">\n\t\t\t\t<div class=\"elementor-widget-container\">\n\t\t\t\t\t\t\t\t\t<div class=\"elementor-button-wrapper\">\n\t\t\t\t\t<a class=\"elementor-button elementor-button-link elementor-size-sm elementor-animation-shrink\" href=\"https:\/\/www.marjoriihimaki.com\/index.php\/en\/frontpage\/#contact\">\n\t\t\t\t\t\t<span class=\"elementor-button-content-wrapper\">\n\t\t\t\t\t\t\t\t\t<span class=\"elementor-button-text\">Contact<\/span>\n\t\t\t\t\t<\/span>\n\t\t\t\t\t<\/a>\n\t\t\t\t<\/div>\n\t\t\t\t\t\t\t\t<\/div>\n\t\t\t\t<\/div>\n\t\t\t\t\t<\/div>\n\t\t<\/div>\n\t\t\t\t\t<\/div>\n\t\t<\/section>\n\t\t\t\t<\/div>\n\t\t","protected":false},"excerpt":{"rendered":"<p>Repertoire examples This is the collection of examples of the concert ideas generated, conducted and hosted by Marjo Riihim\u00e4ki. \u00a0 PEDAGOGICAL PROJECTS [&hellip;]<\/p>\n","protected":false},"author":1,"featured_media":0,"parent":0,"menu_order":0,"comment_status":"closed","ping_status":"closed","template":"page-templates\/page_front-page.php","meta":{"footnotes":""},"class_list":["post-1023","page","type-page","status-publish","hentry"],"_links":{"self":[{"href":"https:\/\/www.marjoriihimaki.com\/index.php\/wp-json\/wp\/v2\/pages\/1023","targetHints":{"allow":["GET"]}}],"collection":[{"href":"https:\/\/www.marjoriihimaki.com\/index.php\/wp-json\/wp\/v2\/pages"}],"about":[{"href":"https:\/\/www.marjoriihimaki.com\/index.php\/wp-json\/wp\/v2\/types\/page"}],"author":[{"embeddable":true,"href":"https:\/\/www.marjoriihimaki.com\/index.php\/wp-json\/wp\/v2\/users\/1"}],"replies":[{"embeddable":true,"href":"https:\/\/www.marjoriihimaki.com\/index.php\/wp-json\/wp\/v2\/comments?post=1023"}],"version-history":[{"count":43,"href":"https:\/\/www.marjoriihimaki.com\/index.php\/wp-json\/wp\/v2\/pages\/1023\/revisions"}],"predecessor-version":[{"id":1276,"href":"https:\/\/www.marjoriihimaki.com\/index.php\/wp-json\/wp\/v2\/pages\/1023\/revisions\/1276"}],"wp:attachment":[{"href":"https:\/\/www.marjoriihimaki.com\/index.php\/wp-json\/wp\/v2\/media?parent=1023"}],"curies":[{"name":"wp","href":"https:\/\/api.w.org\/{rel}","templated":true}]}}