{"id":151,"date":"2021-09-15T05:05:00","date_gmt":"2021-09-15T05:05:00","guid":{"rendered":"https:\/\/www.marjoriihimaki.com\/?page_id=151"},"modified":"2025-10-17T07:58:28","modified_gmt":"2025-10-17T07:58:28","slug":"cv-2","status":"publish","type":"page","link":"https:\/\/www.marjoriihimaki.com\/index.php\/en\/cv-2\/","title":{"rendered":"CV"},"content":{"rendered":"\t\t<div data-elementor-type=\"wp-page\" data-elementor-id=\"151\" class=\"elementor elementor-151\" data-elementor-settings=\"{&quot;ha_cmc_init_switcher&quot;:&quot;no&quot;}\">\n\t\t\t\t\t\t<section class=\"elementor-section elementor-top-section elementor-element elementor-element-d959519 elementor-section-boxed elementor-section-height-default elementor-section-height-default\" data-id=\"d959519\" data-element_type=\"section\" data-e-type=\"section\" data-settings=\"{&quot;background_background&quot;:&quot;classic&quot;,&quot;_ha_eqh_enable&quot;:false}\">\n\t\t\t\t\t\t<div class=\"elementor-container elementor-column-gap-default\">\n\t\t\t\t\t<div class=\"elementor-column elementor-col-100 elementor-top-column elementor-element elementor-element-6ef7e54\" data-id=\"6ef7e54\" data-element_type=\"column\" data-e-type=\"column\">\n\t\t\t<div class=\"elementor-widget-wrap elementor-element-populated\">\n\t\t\t\t\t\t<div class=\"elementor-element elementor-element-46f529e elementor-widget elementor-widget-heading\" data-id=\"46f529e\" data-element_type=\"widget\" data-e-type=\"widget\" data-widget_type=\"heading.default\">\n\t\t\t\t<div class=\"elementor-widget-container\">\n\t\t\t\t\t<h2 class=\"elementor-heading-title elementor-size-default\">CV<\/h2>\t\t\t\t<\/div>\n\t\t\t\t<\/div>\n\t\t\t\t\t<\/div>\n\t\t<\/div>\n\t\t\t\t\t<\/div>\n\t\t<\/section>\n\t\t\t\t<section class=\"elementor-section elementor-top-section elementor-element elementor-element-c15df35 elementor-section-boxed elementor-section-height-default elementor-section-height-default\" data-id=\"c15df35\" data-element_type=\"section\" data-e-type=\"section\" data-settings=\"{&quot;_ha_eqh_enable&quot;:false}\">\n\t\t\t\t\t\t<div class=\"elementor-container elementor-column-gap-default\">\n\t\t\t\t\t<div class=\"elementor-column elementor-col-100 elementor-top-column elementor-element elementor-element-05b265f\" data-id=\"05b265f\" data-element_type=\"column\" data-e-type=\"column\">\n\t\t\t<div class=\"elementor-widget-wrap elementor-element-populated\">\n\t\t\t\t\t\t<section class=\"elementor-section elementor-inner-section elementor-element elementor-element-d39f20d elementor-section-boxed elementor-section-height-default elementor-section-height-default\" data-id=\"d39f20d\" data-element_type=\"section\" data-e-type=\"section\" data-settings=\"{&quot;_ha_eqh_enable&quot;:false}\">\n\t\t\t\t\t\t<div class=\"elementor-container elementor-column-gap-default\">\n\t\t\t\t\t<div class=\"elementor-column elementor-col-50 elementor-inner-column elementor-element elementor-element-a6ea7d9\" data-id=\"a6ea7d9\" data-element_type=\"column\" data-e-type=\"column\">\n\t\t\t<div class=\"elementor-widget-wrap elementor-element-populated\">\n\t\t\t\t\t\t<div class=\"elementor-element elementor-element-42902e6 elementor-widget elementor-widget-image\" data-id=\"42902e6\" data-element_type=\"widget\" data-e-type=\"widget\" data-widget_type=\"image.default\">\n\t\t\t\t<div class=\"elementor-widget-container\">\n\t\t\t\t\t\t\t\t\t\t\t\t\t\t\t<img decoding=\"async\" src=\"https:\/\/www.marjoriihimaki.com\/wp-content\/uploads\/elementor\/thumbs\/MARJO_TuomasVihavainen-50-qfeml0us4sz1p08si0qkx6q15y3d80ues5orlea4hs.jpg\" title=\"Marjo Riihim\u00e4ki, Kuvaaja: Tuomas Vihavainen\" alt=\"Marjo Riihim\u00e4ki, Kuvaaja: Tuomas Vihavainen\" loading=\"lazy\" \/>\t\t\t\t\t\t\t\t\t\t\t\t\t\t\t<\/div>\n\t\t\t\t<\/div>\n\t\t\t\t\t<\/div>\n\t\t<\/div>\n\t\t\t\t<div class=\"elementor-column elementor-col-50 elementor-inner-column elementor-element elementor-element-03605bc\" data-id=\"03605bc\" data-element_type=\"column\" data-e-type=\"column\">\n\t\t\t<div class=\"elementor-widget-wrap elementor-element-populated\">\n\t\t\t\t\t\t<div class=\"elementor-element elementor-element-a3803bc elementor-widget elementor-widget-text-editor\" data-id=\"a3803bc\" data-element_type=\"widget\" data-e-type=\"widget\" data-widget_type=\"text-editor.default\">\n\t\t\t\t<div class=\"elementor-widget-container\">\n\t\t\t\t\t\t\t\t\t<p><strong>Education<\/strong><\/p><p>2014 University of the Arts, Sibelius Academy Master of Music<\/p><p>major: wind orchestra conducting, minor: choir conducting<\/p><p>2005 University of Jyv\u00e4skyl\u00e4, Master of Music Education<\/p><p>\u00a0<\/p><p><strong>Awards<\/strong><\/p><p>2025 The Conductor of the Year (The Finnish Wind Band Association)<\/p><p>2022 the Cross of Merit of the White Rose of Finland<\/p><p>2020 the Military Merit Medal by the Commander of the Defense Forces<\/p><p>2019 the National Defense Medal<\/p><p>2005 The Student Of The Year (The Teacher Student Union of Finland)<\/p>\t\t\t\t\t\t\t\t<\/div>\n\t\t\t\t<\/div>\n\t\t\t\t\t<\/div>\n\t\t<\/div>\n\t\t\t\t\t<\/div>\n\t\t<\/section>\n\t\t\t\t<div class=\"elementor-element elementor-element-3078b72 elementor-widget elementor-widget-text-editor\" data-id=\"3078b72\" data-element_type=\"widget\" data-e-type=\"widget\" data-widget_type=\"text-editor.default\">\n\t\t\t\t<div class=\"elementor-widget-container\">\n\t\t\t\t\t\t\t\t\t<p><strong>Guest conducting<\/strong><\/p><div class=\"page\" title=\"Page 1\"><div class=\"section\"><div class=\"layoutArea\"><div class=\"column\"><p>2025 Opera Tellus, \u201dThe Great School Opera\u201d<\/p><p>2025 Opera Tellus &amp; RAS &#8221;Halloween!&#8221;<\/p><p>2025 A\u0328z\u030cuolynas Orchestra, Baltic and Nordic Music Festival in Kaunas<\/p><p>2025 Mikkeli City Orchestra, Young Soloists -concert<br \/>2025 NMF\u00d8st, Musical Leader on the Summer course, Norway<\/p><\/div><\/div><\/div><\/div><p>2025 Tapiola Sinfonietta &amp; Saara Aalto, Friends on Ice<\/p><p>2025 Lohja City Orchestra, Which Movie? interactive concert<\/p><p>2024 Kymi Sinfonietta, Christmas and Cinema<\/p><p>2024 Joensuu City Orchestra, Movie 5.1.<\/p><p>2024 Kirkkonummi Chamber Orchestra, Finnish Symphonies<\/p><p>2024 Oulu Symphony Orchestra, Which Movie? -tour<\/p><p>2024 Kuopio Symphony Orchestra, The Pink Panther -school tour<\/p><p>2024 Savonlinna Big Band &amp; Elena Mindru<\/p><p>2024 Pori City Orchestra, Couch Potatoes Favorites<\/p><p>2024 Tapiola Youth Symphony Orchestra, Couch Potatoes Favorites<\/p><p>2024 Jyv\u00e4skyl\u00e4 Symphony Orchestra, The Movie Quiz -interactive concert<\/p><p>2024 Pietarsaari Symphony, Fairytale<\/p><p>2023 Joensuu City Orchestra, The Movie Quiz -interactive concert<\/p><p>2023 Kuopio Symphony Orchestra, The Favorites of Couch Potatoes<\/p><p>2023 Kuopio Symphony Orchestra, The Pink Panther<\/p><p>2023 UMO Helsinki Jazz Orchestra &amp; Club For Five, Different Tango<\/p><p>2023 Kaunas Big Band, Scandinavia in Jazz with soul &amp; jazz singer Maja Mannila<\/p><p>2023 Pori City Orchestra, Babar<\/p><p>2023 Kuopio Symphony Orchestra, Which Movie? -interactive concert<\/p><p>2023 Ruoholahti All Stars, symphonic Finnish wind orchestra music<\/p><p>2022 Pori City Orchestra, Babar -concerts<\/p><p>2022 Joensuu City Orchestra, Afterwork<\/p><p>2022 Elena Mindru &amp; Mikkeli String Orchestra, Mikkeli Music Festival<\/p><p>2022 The Guards Band &amp; EMO<\/p><p>2021 Oulu Symphony, After Work -concerts<\/p><p>2021 Lapland Military Band, Mindscapes -concert<\/p><p>2020 Tapiola Youth Symphony, wind ensemble concert<\/p><p>2017 Georgia State University Band<\/p><p>2017 University of Arizona Concert Band<\/p><p>2016 The Airforce Big Band, Film Music concerts<\/p><p>2016 Pyynikin Puhaltajat, Tampereen Music Academy<\/p><p>2016 Conscript Band of the Defense Forces ja Symphonic Wind Band SiSu<\/p><p>2015 Jyv\u00e4skyl\u00e4 Big Band, Firs Impressions concert<\/p><p>2013 Guards Band, The Diploma Concert<\/p><p><strong>Theatremusic<\/strong><\/p><p>2016 arranger, clarinetist and saxophonist OMS Theater<\/p><p>2012-15 arranger, clarinetist and saxophonist DI-Speksi Theater<\/p><p>2011-13 Childrens choir trainer for theatre productions, Tampereen konservatorio<\/p><p>2009-10 Highschool musical trainer<\/p><p>2008-09 Singing coach and clarinetist, N\u00e4\u00e4Speksi theatre<\/p><p>2001-02 clarinetist and drummer, Savonlinna City Theatre<\/p><p><strong>\u00a0<\/strong><\/p><p><strong>Educator-conductor<\/strong><\/p><p>2022 Ruskatr\u00f6\u00f6tt\u00e4 youthband course<\/p><p>2022 Conducting teacher at a course at Tampere Music Academy<\/p><p>2020 Conducting course in Kajaani<\/p><p>2019-&gt; Espoo Music Institution, conductor of wind bands<\/p><p>2019 Wind Band Camp, conductor, Helsinki wind music association<\/p><p>2014-18 Partaharju Band Camp, conductor and conducting trainer<\/p><p>2017 Lieksa Brass Week, brass course conductor<\/p><p>2013-15 big band -conducting technical coach, Finnish Big Band Association<\/p><p>2015 Ruskatr\u00f6\u00f6tt\u00e4-event, Iisalmi<\/p><p>2012 Hankih\u00f6nk\u00e4ys-event, Varkaus<\/p><p>2010-2014 Tampereen Conservatoire, wind orchestras<\/p><p>2011-14 Tuulimyllyn puhaltajat -youth orchestra<\/p><p>2006-11 Torvikopla Big Band, artistic leader<\/p><p>2003-05 Jyv\u00e4skyl\u00e4 University Wind Orchestra Puhkupillit<\/p><p><strong>Choir<\/strong><\/p><p>2010-2014 Tampere Conservatoire, youth and child choirs<\/p><p>2008-11 Kangasala Mieslaulajat male choir<\/p><p>2005-09 P\u00e4lk\u00e4neen Laulumiehet male choir<\/p><p><strong>\u00a0<\/strong><\/p><p><strong>Producer and leader<\/strong><\/p><p>2014-22 Intendant of the Military Music, The Finnish Defence Forces<\/p><p>2018 Wind Music Festival Helsinki, coordinator<\/p><p>2011-13 Leader of the Summer Wind Music Camp, STM<\/p><p>2010-14 Theme concert leader, Tampere conservatoire<\/p><p>2010 Wind Music Festival Tampere, coordinator<\/p><p>2007 National Wind Band Competition in Tampere, assistant<\/p><p>2005-10 P\u00e4lk\u00e4ne highschool music teacher<\/p><p>2003-05 Chairman of the Union of the Music Education students, University of Jyv\u00e4skyl\u00e4<\/p>\t\t\t\t\t\t\t\t<\/div>\n\t\t\t\t<\/div>\n\t\t\t\t<div class=\"elementor-element elementor-element-29eb7f7 elementor-widget elementor-widget-button\" data-id=\"29eb7f7\" data-element_type=\"widget\" data-e-type=\"widget\" data-widget_type=\"button.default\">\n\t\t\t\t<div class=\"elementor-widget-container\">\n\t\t\t\t\t\t\t\t\t<div class=\"elementor-button-wrapper\">\n\t\t\t\t\t<a class=\"elementor-button elementor-button-link elementor-size-sm elementor-animation-shrink\" href=\"https:\/\/www.marjoriihimaki.com\/index.php\/en\/frontpage\/#contact\">\n\t\t\t\t\t\t<span class=\"elementor-button-content-wrapper\">\n\t\t\t\t\t\t\t\t\t<span class=\"elementor-button-text\">Contact<\/span>\n\t\t\t\t\t<\/span>\n\t\t\t\t\t<\/a>\n\t\t\t\t<\/div>\n\t\t\t\t\t\t\t\t<\/div>\n\t\t\t\t<\/div>\n\t\t\t\t\t<\/div>\n\t\t<\/div>\n\t\t\t\t\t<\/div>\n\t\t<\/section>\n\t\t\t\t<\/div>\n\t\t","protected":false},"excerpt":{"rendered":"<p>CV Education 2014 University of the Arts, Sibelius Academy Master of Music major: wind orchestra conducting, minor: choir conducting 2005 University of [&hellip;]<\/p>\n","protected":false},"author":1,"featured_media":0,"parent":0,"menu_order":0,"comment_status":"closed","ping_status":"closed","template":"page-templates\/page_front-page.php","meta":{"footnotes":""},"class_list":["post-151","page","type-page","status-publish","hentry"],"_links":{"self":[{"href":"https:\/\/www.marjoriihimaki.com\/index.php\/wp-json\/wp\/v2\/pages\/151","targetHints":{"allow":["GET"]}}],"collection":[{"href":"https:\/\/www.marjoriihimaki.com\/index.php\/wp-json\/wp\/v2\/pages"}],"about":[{"href":"https:\/\/www.marjoriihimaki.com\/index.php\/wp-json\/wp\/v2\/types\/page"}],"author":[{"embeddable":true,"href":"https:\/\/www.marjoriihimaki.com\/index.php\/wp-json\/wp\/v2\/users\/1"}],"replies":[{"embeddable":true,"href":"https:\/\/www.marjoriihimaki.com\/index.php\/wp-json\/wp\/v2\/comments?post=151"}],"version-history":[{"count":101,"href":"https:\/\/www.marjoriihimaki.com\/index.php\/wp-json\/wp\/v2\/pages\/151\/revisions"}],"predecessor-version":[{"id":1258,"href":"https:\/\/www.marjoriihimaki.com\/index.php\/wp-json\/wp\/v2\/pages\/151\/revisions\/1258"}],"wp:attachment":[{"href":"https:\/\/www.marjoriihimaki.com\/index.php\/wp-json\/wp\/v2\/media?parent=151"}],"curies":[{"name":"wp","href":"https:\/\/api.w.org\/{rel}","templated":true}]}}