{"id":39,"date":"2021-09-12T03:21:00","date_gmt":"2021-09-12T03:21:00","guid":{"rendered":"https:\/\/www.marjoriihimaki.com\/?page_id=39"},"modified":"2025-10-17T08:17:22","modified_gmt":"2025-10-17T08:17:22","slug":"minusta","status":"publish","type":"page","link":"https:\/\/www.marjoriihimaki.com\/index.php\/minusta\/","title":{"rendered":"Minusta"},"content":{"rendered":"\t\t<div data-elementor-type=\"wp-page\" data-elementor-id=\"39\" class=\"elementor elementor-39\" data-elementor-settings=\"{&quot;ha_cmc_init_switcher&quot;:&quot;no&quot;}\">\n\t\t\t\t\t\t<section class=\"elementor-section elementor-top-section elementor-element elementor-element-01190a6 elementor-section-boxed elementor-section-height-default elementor-section-height-default\" data-id=\"01190a6\" data-element_type=\"section\" data-e-type=\"section\" data-settings=\"{&quot;background_background&quot;:&quot;classic&quot;,&quot;_ha_eqh_enable&quot;:false}\">\n\t\t\t\t\t\t\t<div class=\"elementor-background-overlay\"><\/div>\n\t\t\t\t\t\t\t<div class=\"elementor-container elementor-column-gap-default\">\n\t\t\t\t\t<div class=\"elementor-column elementor-col-100 elementor-top-column elementor-element elementor-element-13f83d2\" data-id=\"13f83d2\" data-element_type=\"column\" data-e-type=\"column\">\n\t\t\t<div class=\"elementor-widget-wrap elementor-element-populated\">\n\t\t\t\t\t\t<div class=\"elementor-element elementor-element-88700bb elementor-widget elementor-widget-heading\" data-id=\"88700bb\" data-element_type=\"widget\" data-e-type=\"widget\" data-widget_type=\"heading.default\">\n\t\t\t\t<div class=\"elementor-widget-container\">\n\t\t\t\t\t<h2 class=\"elementor-heading-title elementor-size-default\">Minusta<\/h2>\t\t\t\t<\/div>\n\t\t\t\t<\/div>\n\t\t\t\t\t<\/div>\n\t\t<\/div>\n\t\t\t\t\t<\/div>\n\t\t<\/section>\n\t\t\t\t<section class=\"elementor-section elementor-top-section elementor-element elementor-element-72a5495 elementor-section-boxed elementor-section-height-default elementor-section-height-default\" data-id=\"72a5495\" data-element_type=\"section\" data-e-type=\"section\" data-settings=\"{&quot;_ha_eqh_enable&quot;:false}\">\n\t\t\t\t\t\t<div class=\"elementor-container elementor-column-gap-default\">\n\t\t\t\t\t<div class=\"elementor-column elementor-col-100 elementor-top-column elementor-element elementor-element-f1d2a55\" data-id=\"f1d2a55\" data-element_type=\"column\" data-e-type=\"column\">\n\t\t\t<div class=\"elementor-widget-wrap elementor-element-populated\">\n\t\t\t\t\t\t<section class=\"elementor-section elementor-inner-section elementor-element elementor-element-e6d6ee6 elementor-section-boxed elementor-section-height-default elementor-section-height-default\" data-id=\"e6d6ee6\" data-element_type=\"section\" data-e-type=\"section\" data-settings=\"{&quot;_ha_eqh_enable&quot;:false}\">\n\t\t\t\t\t\t<div class=\"elementor-container elementor-column-gap-default\">\n\t\t\t\t\t<div class=\"elementor-column elementor-col-50 elementor-inner-column elementor-element elementor-element-52358bd\" data-id=\"52358bd\" data-element_type=\"column\" data-e-type=\"column\">\n\t\t\t<div class=\"elementor-widget-wrap elementor-element-populated\">\n\t\t\t\t\t\t<div class=\"elementor-element elementor-element-536669b elementor-widget elementor-widget-image\" data-id=\"536669b\" data-element_type=\"widget\" data-e-type=\"widget\" data-widget_type=\"image.default\">\n\t\t\t\t<div class=\"elementor-widget-container\">\n\t\t\t\t\t\t\t\t\t\t\t\t\t\t\t<img decoding=\"async\" src=\"https:\/\/www.marjoriihimaki.com\/wp-content\/uploads\/elementor\/thumbs\/MARJO-RIIHIMAKI-9-TuomasVihavainen-qffus1ea6gybbv7f38u6v76qs26l0g2b6y8xt99mio.jpg\" title=\"Marjo Riihim\u00e4ki, Kuvaaja: Tuomas Vihavainen\" alt=\"Marjo Riihim\u00e4ki, Kuvaaja: Tuomas Vihavainen\" loading=\"lazy\" \/>\t\t\t\t\t\t\t\t\t\t\t\t\t\t\t<\/div>\n\t\t\t\t<\/div>\n\t\t\t\t\t<\/div>\n\t\t<\/div>\n\t\t\t\t<div class=\"elementor-column elementor-col-50 elementor-inner-column elementor-element elementor-element-dd0baad\" data-id=\"dd0baad\" data-element_type=\"column\" data-e-type=\"column\">\n\t\t\t<div class=\"elementor-widget-wrap elementor-element-populated\">\n\t\t\t\t\t\t<div class=\"elementor-element elementor-element-1fcaf93 elementor-widget elementor-widget-text-editor\" data-id=\"1fcaf93\" data-element_type=\"widget\" data-e-type=\"widget\" data-widget_type=\"text-editor.default\">\n\t\t\t\t<div class=\"elementor-widget-container\">\n\t\t\t\t\t\t\t\t\t<p><em>\u201dKapellimestarin ty\u00f6 on kutsumukseni ja musiikin johtaminen saa minut syttym\u00e4\u00e4n. Teht\u00e4v\u00e4ni on auttaa muusikoita loistamaan. Yhdess\u00e4 voimme v\u00e4litt\u00e4\u00e4 tunteita ja antaa yleis\u00f6lle el\u00e4myksi\u00e4 &#8211; kokemuksen jonka vain el\u00e4v\u00e4 musiikki voi synnytt\u00e4\u00e4.\u201d<\/em><\/p>\t\t\t\t\t\t\t\t<\/div>\n\t\t\t\t<\/div>\n\t\t\t\t\t<\/div>\n\t\t<\/div>\n\t\t\t\t\t<\/div>\n\t\t<\/section>\n\t\t\t\t<section class=\"elementor-section elementor-inner-section elementor-element elementor-element-544d671 elementor-section-boxed elementor-section-height-default elementor-section-height-default\" data-id=\"544d671\" data-element_type=\"section\" data-e-type=\"section\" data-settings=\"{&quot;_ha_eqh_enable&quot;:false}\">\n\t\t\t\t\t\t<div class=\"elementor-container elementor-column-gap-default\">\n\t\t\t\t\t<div class=\"elementor-column elementor-col-50 elementor-inner-column elementor-element elementor-element-52e8b4c\" data-id=\"52e8b4c\" data-element_type=\"column\" data-e-type=\"column\">\n\t\t\t<div class=\"elementor-widget-wrap elementor-element-populated\">\n\t\t\t\t\t\t<div class=\"elementor-element elementor-element-474f0c7 elementor-widget elementor-widget-video\" data-id=\"474f0c7\" data-element_type=\"widget\" data-e-type=\"widget\" data-settings=\"{&quot;youtube_url&quot;:&quot;https:\\\/\\\/www.youtube.com\\\/watch?v=vkZ4-urFTgA&quot;,&quot;video_type&quot;:&quot;youtube&quot;,&quot;controls&quot;:&quot;yes&quot;}\" data-widget_type=\"video.default\">\n\t\t\t\t<div class=\"elementor-widget-container\">\n\t\t\t\t\t\t\t<div class=\"elementor-wrapper elementor-open-inline\">\n\t\t\t<div class=\"elementor-video\"><\/div>\t\t<\/div>\n\t\t\t\t\t\t<\/div>\n\t\t\t\t<\/div>\n\t\t\t\t\t<\/div>\n\t\t<\/div>\n\t\t\t\t<div class=\"elementor-column elementor-col-50 elementor-inner-column elementor-element elementor-element-f63cb95\" data-id=\"f63cb95\" data-element_type=\"column\" data-e-type=\"column\">\n\t\t\t<div class=\"elementor-widget-wrap elementor-element-populated\">\n\t\t\t\t\t\t<div class=\"elementor-element elementor-element-03a0703 elementor-widget elementor-widget-video\" data-id=\"03a0703\" data-element_type=\"widget\" data-e-type=\"widget\" data-settings=\"{&quot;youtube_url&quot;:&quot;https:\\\/\\\/www.youtube.com\\\/watch?v=2dKu04PhJDY&quot;,&quot;video_type&quot;:&quot;youtube&quot;,&quot;controls&quot;:&quot;yes&quot;}\" data-widget_type=\"video.default\">\n\t\t\t\t<div class=\"elementor-widget-container\">\n\t\t\t\t\t\t\t<div class=\"elementor-wrapper elementor-open-inline\">\n\t\t\t<div class=\"elementor-video\"><\/div>\t\t<\/div>\n\t\t\t\t\t\t<\/div>\n\t\t\t\t<\/div>\n\t\t\t\t\t<\/div>\n\t\t<\/div>\n\t\t\t\t\t<\/div>\n\t\t<\/section>\n\t\t\t\t<div class=\"elementor-element elementor-element-11ef4bb elementor-align-center elementor-widget elementor-widget-button\" data-id=\"11ef4bb\" data-element_type=\"widget\" data-e-type=\"widget\" data-widget_type=\"button.default\">\n\t\t\t\t<div class=\"elementor-widget-container\">\n\t\t\t\t\t\t\t\t\t<div class=\"elementor-button-wrapper\">\n\t\t\t\t\t<a class=\"elementor-button elementor-button-link elementor-size-sm elementor-animation-shrink\" href=\"https:\/\/www.youtube.com\/channel\/UCLnjcycYr-BdWjoQc0Mpwzw\/videos\">\n\t\t\t\t\t\t<span class=\"elementor-button-content-wrapper\">\n\t\t\t\t\t\t\t\t\t<span class=\"elementor-button-text\">Lis\u00e4\u00e4 videoita YouTubessa<\/span>\n\t\t\t\t\t<\/span>\n\t\t\t\t\t<\/a>\n\t\t\t\t<\/div>\n\t\t\t\t\t\t\t\t<\/div>\n\t\t\t\t<\/div>\n\t\t\t\t<div class=\"elementor-element elementor-element-8f3396d elementor-widget elementor-widget-text-editor\" data-id=\"8f3396d\" data-element_type=\"widget\" data-e-type=\"widget\" data-widget_type=\"text-editor.default\">\n\t\t\t\t<div class=\"elementor-widget-container\">\n\t\t\t\t\t\t\t\t\t<p>Marjo Riihim\u00e4ki valmistui kapellimestariksi vuonna 2014 Sibelius-Akatemian Taideyliopistosta. H\u00e4net tunnetaan m\u00e4\u00e4r\u00e4tietoisena, energisen\u00e4, valloittavana &#8211; ja musiikin niin vaatiessa &#8211; svengaavana kapellimestarina.<\/p><p>\u00a0<\/p><p>Valmistumisensa j\u00e4lkeen Marjo perusti yst\u00e4v\u00e4ns\u00e4 ja kollegansa Anna-Leena Lumpeen kanssa ammattimuusikoista koostuvan, periodeittain toimivan sinfonisen puhallinorkesterin, Suomen Puhallinsinfonikot. Marjo on toiminut vierailevana kapellimestarina Kuopion kaupunginorkesterin, Kymi Sinfonietan, Pori Sinfonietan, Joensuun kaupunginorkesterin, Oulu Sinfonian, Mikkelin kaupunginorkesterin, UMO Helsinki Jazz Orchestran, Ilmavoimien Big Bandin ja Kaunas Big Bandin konserteissa. Marjo Riihim\u00e4ki on ty\u00f6skennellyt <wbr \/>musiikinopettajana lukiossa ja yhteiskoulussa ja Tampereen konservatoriossa, sek\u00e4 toiminut Puolustusvoimien sotilasmusiikkialan intendenttin\u00e4. H\u00e4net on palkittu Puolustusvoimien komentajan my\u00f6nt\u00e4m\u00e4ll\u00e4\u00a0<wbr \/>Sotilasansiomitalilla, Maanpuolustusmitalilla sek\u00e4 Suomen Valkoisen Ruusun\u00a0ansioristill\u00e4.<\/p><p>\u00a0<\/p><p>Monipuolisen muusikkotaustansa ansiosta Marjo on elementiss\u00e4\u00e4n klassisen musiikin ja sinfonisen puhallinmusiikin lis\u00e4ksi my\u00f6s viihde- ja elokuvamusiikin parissa. Mikkelin musiikkijuhlilla h\u00e4n toimi kapellimestarina jazzlaulaja Elena Mindrun Hope-konsertissa, jonka ohjelmisto oli crossoveria: Mindun oman levyn jazzs\u00e4vellyksi\u00e4 sinfoniaorkesterille sovitettuna.<\/p><p>Marjo oli vuosien ajan j\u00e4sen interaktiivisessa musiikkiteatterissa, jossa h\u00e4n kirjoitti teatterib\u00e4ndille sovituksia ja soitti klarinettia ja saksofonia sek\u00e4 toimi taustalaulajana. Marjo on ty\u00f6skennellyt musikaalituotannoissa musiikinopettajana P\u00e4lk\u00e4neen lukiossa ja Tampereen konservatoriolla kuoroja ja b\u00e4ndej\u00e4 harjoittaen.<\/p><p>\u00a0<\/p><p>Marjo on kotoisin Iisalmesta, jossa h\u00e4nen el\u00e4m\u00e4ns\u00e4 ymp\u00e4r\u00f6i musiikki ja teatteri koko perheen harrastusten my\u00f6t\u00e4. Kouluvuosina ja yliopisto-opintojen aikana Marjo lauloi kuoroissa, osallistui musiikkiteatteriproduktioihin ja soitti klarinettia puhallin- ja sinfoniaorkestereissa.<\/p><p>Opinnot veiv\u00e4t Marjon Savonlinnaan (Joensuun yliopisto), Durbaniin, Etel\u00e4-Afrikkaan (Natalin yliopisto) ja Jyv\u00e4skyl\u00e4\u00e4n (Jyv\u00e4skyl\u00e4n yliopisto). Opintoihin sis\u00e4ltyi monipuolisesti eri musiikin tyylilajeja ja erikoistumisaineina olivat musiikin johtaminen ja monikulttuurinen musiikkikasvatus.\u00a0<\/p>\t\t\t\t\t\t\t\t<\/div>\n\t\t\t\t<\/div>\n\t\t\t\t<div class=\"elementor-element elementor-element-ce0a47c elementor-widget elementor-widget-button\" data-id=\"ce0a47c\" data-element_type=\"widget\" data-e-type=\"widget\" data-widget_type=\"button.default\">\n\t\t\t\t<div class=\"elementor-widget-container\">\n\t\t\t\t\t\t\t\t\t<div class=\"elementor-button-wrapper\">\n\t\t\t\t\t<a class=\"elementor-button elementor-button-link elementor-size-sm elementor-animation-shrink\" href=\"https:\/\/www.marjoriihimaki.com\/#otayhteytta\">\n\t\t\t\t\t\t<span class=\"elementor-button-content-wrapper\">\n\t\t\t\t\t\t\t\t\t<span class=\"elementor-button-text\">Ota yhteytt\u00e4<\/span>\n\t\t\t\t\t<\/span>\n\t\t\t\t\t<\/a>\n\t\t\t\t<\/div>\n\t\t\t\t\t\t\t\t<\/div>\n\t\t\t\t<\/div>\n\t\t\t\t\t<\/div>\n\t\t<\/div>\n\t\t\t\t\t<\/div>\n\t\t<\/section>\n\t\t\t\t<\/div>\n\t\t","protected":false},"excerpt":{"rendered":"<p>Minusta \u201dKapellimestarin ty\u00f6 on kutsumukseni ja musiikin johtaminen saa minut syttym\u00e4\u00e4n. Teht\u00e4v\u00e4ni on auttaa muusikoita loistamaan. Yhdess\u00e4 voimme v\u00e4litt\u00e4\u00e4 tunteita ja antaa [&hellip;]<\/p>\n","protected":false},"author":1,"featured_media":0,"parent":0,"menu_order":0,"comment_status":"closed","ping_status":"closed","template":"page-templates\/page_front-page.php","meta":{"footnotes":""},"class_list":["post-39","page","type-page","status-publish","hentry"],"_links":{"self":[{"href":"https:\/\/www.marjoriihimaki.com\/index.php\/wp-json\/wp\/v2\/pages\/39","targetHints":{"allow":["GET"]}}],"collection":[{"href":"https:\/\/www.marjoriihimaki.com\/index.php\/wp-json\/wp\/v2\/pages"}],"about":[{"href":"https:\/\/www.marjoriihimaki.com\/index.php\/wp-json\/wp\/v2\/types\/page"}],"author":[{"embeddable":true,"href":"https:\/\/www.marjoriihimaki.com\/index.php\/wp-json\/wp\/v2\/users\/1"}],"replies":[{"embeddable":true,"href":"https:\/\/www.marjoriihimaki.com\/index.php\/wp-json\/wp\/v2\/comments?post=39"}],"version-history":[{"count":137,"href":"https:\/\/www.marjoriihimaki.com\/index.php\/wp-json\/wp\/v2\/pages\/39\/revisions"}],"predecessor-version":[{"id":1261,"href":"https:\/\/www.marjoriihimaki.com\/index.php\/wp-json\/wp\/v2\/pages\/39\/revisions\/1261"}],"wp:attachment":[{"href":"https:\/\/www.marjoriihimaki.com\/index.php\/wp-json\/wp\/v2\/media?parent=39"}],"curies":[{"name":"wp","href":"https:\/\/api.w.org\/{rel}","templated":true}]}}